{"id":213,"date":"2024-04-03T15:51:46","date_gmt":"2024-04-03T13:51:46","guid":{"rendered":"https:\/\/asmoto.eu\/?post_type=product&#038;p=213"},"modified":"2024-04-17T13:03:53","modified_gmt":"2024-04-17T11:03:53","slug":"datalogger","status":"publish","type":"product","link":"https:\/\/asmoto.eu\/en\/product\/datalogger\/","title":{"rendered":"DataLogger"},"content":{"rendered":"","protected":false},"excerpt":{"rendered":"<p>Az ASMoto DataLogger kiv\u00e1l\u00f3 megold\u00e1s az aut\u00f3 k\u00fcl\u00f6nb\u00f6z\u0151 r\u00e9szegys\u00e9geit\u0151l \u00e9rkez\u0151 adatok napl\u00f3z\u00e1s\u00e1ra.\u00a0<img fetchpriority=\"high\" decoding=\"async\" class=\"size-medium wp-image-2323 alignright\" src=\"http:\/\/asmoto.eu\/wp-content\/uploads\/2017\/12\/2-1-300x233.png\" sizes=\"(max-width: 300px) 100vw, 300px\" srcset=\"https:\/\/asmoto.eu\/wp-content\/uploads\/2017\/12\/2-1-300x233.png 300w, https:\/\/asmoto.eu\/wp-content\/uploads\/2017\/12\/2-1-768x595.png 768w, https:\/\/asmoto.eu\/wp-content\/uploads\/2017\/12\/2-1-418x324.png 418w, https:\/\/asmoto.eu\/wp-content\/uploads\/2017\/12\/2-1.png 867w\" alt=\"\" width=\"300\" height=\"233\" \/><\/p>\n<p>MicroSD k\u00e1rty\u00e1ra r\u00f6gz\u00edt, amit k\u00e9s\u0151bb PC-be helyezve megjelen\u00edthet\u0151ek az adatok b\u00e1rmely .csv kiterjeszt\u00e9s\u0171 f\u00e1jl elemz\u00e9s\u00e9re alkalmas programmal, mint pl.: MegaLogViewer.<\/p>\n<p>Be\u00e9p\u00edtve tartalmaz GPS vev\u0151t, melyhez csak egy antenn\u00e1t csatlakoztatva m\u00e1r r\u00f6gz\u00edthet\u0151 is a GPS koordin\u00e1ta \u00e9s a pontos id\u0151, ami nagy seg\u00edts\u00e9g lehet a k\u00e9s\u0151bbi elemz\u00e9sekn\u00e9l. Tov\u00e1bb\u00e1 rendelkezik integr\u00e1lt 3 ir\u00e1ny\u00fa gyorsul\u00e1s\u00e9rz\u00e9kl\u0151vel, \u00f3ra \u00e9s napt\u00e1r modullal, amihez backup elem szolg\u00e1ltatja a t\u00e1pfesz\u00fclts\u00e9get. A CAN buszon ECU-t\u00f3l, DashBoard-t\u00f3l \u00e9s tov\u00e1bbi egys\u00e9gekt\u0151l \u00e9rkez\u0151 adatok napl\u00f3z\u00e1s\u00e1n fel\u00fcl lehet\u0151s\u00e9g van a tov\u00e1bbi 8 anal\u00f3g bemenetre szenzorokat csatlakoztatni.<\/p>\n<p><a title=\"More information about the product\" href=\"https:\/\/asmoto.eu\/download\/DataLogger-Manual-1_0-HU.pdf\">More information about the product<\/a><\/p>","protected":false},"featured_media":214,"comment_status":"open","ping_status":"closed","template":"","meta":[],"product_cat":[18],"product_tag":[],"class_list":{"0":"post-213","1":"product","2":"type-product","3":"status-publish","4":"has-post-thumbnail","6":"product_cat-egyeb","8":"first","9":"instock","10":"shipping-taxable","11":"product-type-simple"},"_links":{"self":[{"href":"https:\/\/asmoto.eu\/en\/wp-json\/wp\/v2\/product\/213","targetHints":{"allow":["GET"]}}],"collection":[{"href":"https:\/\/asmoto.eu\/en\/wp-json\/wp\/v2\/product"}],"about":[{"href":"https:\/\/asmoto.eu\/en\/wp-json\/wp\/v2\/types\/product"}],"replies":[{"embeddable":true,"href":"https:\/\/asmoto.eu\/en\/wp-json\/wp\/v2\/comments?post=213"}],"wp:featuredmedia":[{"embeddable":true,"href":"https:\/\/asmoto.eu\/en\/wp-json\/wp\/v2\/media\/214"}],"wp:attachment":[{"href":"https:\/\/asmoto.eu\/en\/wp-json\/wp\/v2\/media?parent=213"}],"wp:term":[{"taxonomy":"product_cat","embeddable":true,"href":"https:\/\/asmoto.eu\/en\/wp-json\/wp\/v2\/product_cat?post=213"},{"taxonomy":"product_tag","embeddable":true,"href":"https:\/\/asmoto.eu\/en\/wp-json\/wp\/v2\/product_tag?post=213"}],"curies":[{"name":"wp","href":"https:\/\/api.w.org\/{rel}","templated":true}]}}