{"id":204,"date":"2024-04-03T15:43:57","date_gmt":"2024-04-03T13:43:57","guid":{"rendered":"https:\/\/asmoto.eu\/?post_type=product&#038;p=204"},"modified":"2024-04-17T13:02:17","modified_gmt":"2024-04-17T11:02:17","slug":"dashboard","status":"publish","type":"product","link":"https:\/\/asmoto.eu\/en\/product\/dashboard\/","title":{"rendered":"DashBoard"},"content":{"rendered":"","protected":false},"excerpt":{"rendered":"<section class=\"vc_section\">\n<div class=\"vc_row wpb_row vc_row-fluid vc_custom_1499435377727 vc_column-gap-30\">\n<div class=\"wpb_column vc_column_container vc_col-sm-12\">\n<div class=\"vc_column-inner\">\n<div class=\"wpb_wrapper\">\n<div class=\"wpb_text_column wpb_content_element\">\n<div class=\"wpb_wrapper\">\n<section class=\"vc_section\">\n<div class=\"vc_row wpb_row vc_row-fluid vc_custom_1499435377727 vc_column-gap-30\">\n<div class=\"wpb_column vc_column_container vc_col-sm-12\">\n<div class=\"vc_column-inner\">\n<div class=\"wpb_wrapper\">\n<div class=\"wpb_text_column wpb_content_element\">\n<div class=\"wpb_wrapper\">\n<p><strong>General Characteristics:<\/strong><\/p>\n<ul>\n<li>Robust, CNC-milled aluminum housing<\/li>\n<li>CAN interface<strong><img decoding=\"async\" class=\"size-full wp-image-2056 alignright\" src=\"http:\/\/asmoto.eu\/wp-content\/uploads\/2017\/12\/3-e1421591142520.png\" alt=\"\" width=\"225\" height=\"165\" \/><\/strong><\/li>\n<li>Integration with ASMoto ECU:<\/li>\n<li>A 4 motort\u00e9rk\u00e9phez k\u00fcl\u00f6n konfigur\u00e1lhat\u00f3 a kijelz\u0151, valamint nagyon egyszer\u0171 a sz\u00e1mos, ECU-t\u00f3l rendelkez\u00e9sre \u00e1ll\u00f3 adat megjelen\u00edt\u00e9se<\/li>\n<li>Compatible with multiple ECUs:\n<ul>\n<li>VEMS (AIM protokoll RS232 19200,n,8,1)<\/li>\n<li>MoTeC M4 \u2013 M48<\/li>\n<li>MoTeC 100 series<\/li>\n<li>Syvecs \u2013 LifeRacing<\/li>\n<li>DTA S series<\/li>\n<\/ul>\n<\/li>\n<li>6 kalibr\u00e1lhat\u00f3 anal\u00f3g szenzor bemenet, \u00e9s 2 digit\u00e1lis RPM \u00e9s Vs jelad\u00f3 sz\u00e1m\u00e1ra<\/li>\n<li>Includes the most important dashboard indicator lights built-in.<\/li>\n<li>Testre szabhat\u00f3, \u00e9s nyugt\u00e1zhat\u00f3 figyelmeztet\u00e9s 13 csatorna egyidej\u0171 figyel\u00e9s\u00e9vel, f\u00fcggetlen\u00fcl a megjelen\u00edtett adatokt\u00f3l (Warning)<\/li>\n<li>K\u00f6rid\u0151 m\u00e9r\u00e9s, 8 k\u00f6r\u00f6s nem felejt\u0151 mem\u00f3ria, aktu\u00e1lis k\u00f6r-, legjobb k\u00f6r-, el\u0151z\u0151 k\u00f6r-, \u00e1tlag k\u00f6rid\u0151 megjelen\u00edthet\u0151s\u00e9ggel<\/li>\n<li>Gear position detection.<\/li>\n<li>Customizable shift light control, with individually programmable thresholds for each gear.<\/li>\n<li>Flash mem\u00f3ria. 100000 T\u00f6rl\u00e9s\/programoz\u00e1si ciklus<\/li>\n<li>User-friendly software with continuously developed, free firmware and simplified electrical wiring.<\/li>\n<\/ul>\n<p>A m\u00e1sodik gener\u00e1ci\u00f3s DashBoard LED m\u0171szercsoport rengeteg \u00faj funkci\u00f3val b\u0151v\u00fclt, a LED technol\u00f3gi\u00e1nak k\u00f6sz\u00f6nhet\u0151en b\u00e1rmilyen LCD kijelz\u0151n\u00e9l nagyobb kontraszttal szolg\u00e1l, \u00edgy a l\u00e9nyeges inform\u00e1ci\u00f3k minden k\u00f6r\u00fclm\u00e9nyek k\u00f6z\u00f6tt ak\u00e1r r\u00e1tekint\u00e9s n\u00e9lk\u00fcl is leolvashat\u00f3ak. A szegmensek f\u00e9nyereje k\u00fcl\u00f6n- k\u00fcl\u00f6n programozhat\u00f3, kikapcsolhat\u00f3.<\/p>\n<p>4 motort\u00e9rk\u00e9phez k\u00fcl\u00f6n konfigur\u00e1lhat\u00f3 a kijelz\u0151, valamint CAN kapcsolatnak k\u00f6sz\u00f6nhet\u0151en rengeteg adat megjelen\u00edthet\u0151 an\u00e9lk\u00fcl, hogy k\u00fcl\u00f6n a m\u0171szercsoporthoz kellene k\u00e1belezni. Lehet\u0151s\u00e9g van pl.: fordulatsz\u00e1m, v\u00edzh\u0151fok \u00fczemanyagszint kijelz\u00e9se grafikusan, sebess\u00e9g \u00e9s sebess\u00e9gfokozat megjelen\u00edt\u00e9s\u00e9re \u00e9s shift l\u00e1mpa haszn\u00e1lat\u00e1ra. A CAN buszon k\u00edv\u00fcl tov\u00e1bbi 6+2 bemenettel rendelkezik, amik konfigur\u00e1lhat\u00f3ak pl. olajnyom\u00e1s, olajh\u0151fok, \u00fczemanyagszint, vagy m\u00e1s anal\u00f3g jelhez.<\/p>\n<p><img fetchpriority=\"high\" decoding=\"async\" class=\"alignnone size-medium wp-image-2176 alignleft\" src=\"http:\/\/asmoto.eu\/wp-content\/uploads\/2017\/08\/DashBoard_2-300x277.jpg\" sizes=\"(max-width: 300px) 100vw, 300px\" srcset=\"https:\/\/asmoto.eu\/wp-content\/uploads\/2017\/08\/DashBoard_2-300x277.jpg 300w, https:\/\/asmoto.eu\/wp-content\/uploads\/2017\/08\/DashBoard_2-768x709.jpg 768w, https:\/\/asmoto.eu\/wp-content\/uploads\/2017\/08\/DashBoard_2-1024x945.jpg 1024w, https:\/\/asmoto.eu\/wp-content\/uploads\/2017\/08\/DashBoard_2-418x386.jpg 418w\" alt=\"\" width=\"300\" height=\"277\" \/>13 csatorn\u00e1s konfigur\u00e1lhat\u00f3 figyelmeztet\u00e9sekkel el\u00e9rhet\u0151, hogy a pil\u00f3t\u00e1k azonnal \u00e9rtes\u00fcljenek az aut\u00f3t \u00e9rint\u0151 probl\u00e9m\u00e1kr\u00f3l.<\/p>\n<p>Ezenfel\u00fcl tartalmazza az \u00e1ltal\u00e1nos m\u0171szerfali visszajelz\u0151 l\u00e1mp\u00e1kat, mint t\u00f6lt\u00e9s, olajnyom\u00e1s, helyzetjelz\u0151 vagy tomp\u00edtott f\u00e9nysz\u00f3r\u00f3, t\u00e1vols\u00e1gi f\u00e9nysz\u00f3r\u00f3, ir\u00e1nyjelz\u0151k, f\u00e9kfolyad\u00e9k szint, amik ak\u00e1r m\u00e1sra is haszn\u00e1lhat\u00f3ak. A LED-es kijelz\u0151 alatt egy k\u00e9tsoros LCD is helyet kapott, ahol tov\u00e1bbi szabadon konfigur\u00e1lhat\u00f3 adatok (ak\u00e1r 3adat x 2page x 4MAP = 24 adat) megjelen\u00edthet\u0151ek. Lehet\u0151s\u00e9g van a LED kijelz\u0151ket egyedi sz\u00ednekben k\u00e9rni.<\/p>\n<p><a href=\"https:\/\/asmoto.eu\/download\/DashBoard-Manual-1_6-HU.pdf\">More information about the product<\/a><\/p>\n<\/div>\n<\/div>\n<div class=\"vc_empty_space\"><\/div>\n<\/div>\n<\/div>\n<\/div>\n<\/div>\n<\/section>\n<section class=\"vc_section\">\n<div class=\"vc_row wpb_row vc_row-fluid vc_column-gap-30\">\n<div class=\"wpb_column vc_column_container vc_col-sm-12\">\n<div class=\"vc_column-inner\">\n<div class=\"wpb_wrapper\">\n<div class=\"wpb_text_column wpb_content_element\">\n<div class=\"wpb_wrapper\">\n<p>2022 -t\u0151l nem rendelhet\u0151, hely\u00e9t \u00e1tvette a DashBoardTFT.<\/p>\n<p><a href=\"https:\/\/asmoto.eu\/download\/DashBoardTFT-Manual1_3-HU.pdf\">Tov\u00e1bbi inform\u00e1ci\u00f3k a DashBoardTFT -t\u0151l<\/a><\/p>\n<\/div>\n<\/div>\n<\/div>\n<\/div>\n<\/div>\n<\/div>\n<\/section>\n<\/div>\n<\/div>\n<\/div>\n<\/div>\n<\/div>\n<\/div>\n<\/section>\n<section class=\"vc_section\">\n<div class=\"vc_row wpb_row vc_row-fluid vc_column-gap-30\">\n<div class=\"wpb_column vc_column_container vc_col-sm-12\">\n<div class=\"vc_column-inner\">\n<div class=\"wpb_wrapper\">\n<div class=\"wpb_text_column wpb_content_element\">\n<div class=\"wpb_wrapper\"><\/div>\n<\/div>\n<\/div>\n<\/div>\n<\/div>\n<\/div>\n<\/section>","protected":false},"featured_media":205,"comment_status":"open","ping_status":"closed","template":"","meta":[],"product_cat":[18],"product_tag":[],"class_list":{"0":"post-204","1":"product","2":"type-product","3":"status-publish","4":"has-post-thumbnail","6":"product_cat-egyeb","8":"first","9":"instock","10":"shipping-taxable","11":"product-type-simple"},"_links":{"self":[{"href":"https:\/\/asmoto.eu\/en\/wp-json\/wp\/v2\/product\/204","targetHints":{"allow":["GET"]}}],"collection":[{"href":"https:\/\/asmoto.eu\/en\/wp-json\/wp\/v2\/product"}],"about":[{"href":"https:\/\/asmoto.eu\/en\/wp-json\/wp\/v2\/types\/product"}],"replies":[{"embeddable":true,"href":"https:\/\/asmoto.eu\/en\/wp-json\/wp\/v2\/comments?post=204"}],"wp:featuredmedia":[{"embeddable":true,"href":"https:\/\/asmoto.eu\/en\/wp-json\/wp\/v2\/media\/205"}],"wp:attachment":[{"href":"https:\/\/asmoto.eu\/en\/wp-json\/wp\/v2\/media?parent=204"}],"wp:term":[{"taxonomy":"product_cat","embeddable":true,"href":"https:\/\/asmoto.eu\/en\/wp-json\/wp\/v2\/product_cat?post=204"},{"taxonomy":"product_tag","embeddable":true,"href":"https:\/\/asmoto.eu\/en\/wp-json\/wp\/v2\/product_tag?post=204"}],"curies":[{"name":"wp","href":"https:\/\/api.w.org\/{rel}","templated":true}]}}