{"id":203,"date":"2024-04-03T15:38:14","date_gmt":"2024-04-03T13:38:14","guid":{"rendered":"https:\/\/asmoto.eu\/?post_type=product&#038;p=203"},"modified":"2024-04-17T13:01:12","modified_gmt":"2024-04-17T11:01:12","slug":"ecu-221-222","status":"publish","type":"product","link":"https:\/\/asmoto.eu\/en\/product\/ecu-221-222\/","title":{"rendered":"ECU 221-222"},"content":{"rendered":"","protected":false},"excerpt":{"rendered":"<p><strong>Freely programmable engine control system for racing<\/strong><\/p>\n<p>Az ECU22x- es sz\u00e9ria egy rendk\u00edv\u00fcl rugalmas megold\u00e1s minden 4 hengeres n\u00e9gy\u00fctem\u0171 motor vez\u00e9rl\u00e9s\u00e9nek ell\u00e1t\u00e1s\u00e1ra, rengetek szabadon konfigur\u00e1lhat\u00f3 funkci\u00f3val, \u00e9s extr\u00e1kkal. Ugyanakkor 2015-ben a hely\u00e9t \u00e1tvette egy \u00faj sorozat, az ECU6xx-as sz\u00e9ria. Az ECU22x term\u00e9k-t\u00e1mogat\u00e1sa tov\u00e1bbra is megmarad, de 2015-t\u0151l nem rendelhet\u0151.<\/p>\n<p><a href=\"https:\/\/asmoto.eu\/en\/product\/ecu-66x\/\">Megn\u00e9zem a ECU66x-as sz\u00e9ri\u00e1t<\/a><\/p>\n<p><a href=\"https:\/\/asmoto.eu\/en\/product\/ecu-610-612\/\">Megn\u00e9zem a ECU61x-as sz\u00e9ri\u00e1t<\/a><\/p>\n<p><a title=\"More information about the product\" href=\"https:\/\/asmoto.eu\/download\/ECU-22x-Brochure-HU.pdf\">More information about the product<\/a><\/p>","protected":false},"featured_media":0,"comment_status":"open","ping_status":"closed","template":"","meta":[],"product_cat":[18],"product_tag":[],"class_list":{"0":"post-203","1":"product","2":"type-product","3":"status-publish","5":"product_cat-egyeb","7":"first","8":"instock","9":"shipping-taxable","10":"product-type-simple"},"_links":{"self":[{"href":"https:\/\/asmoto.eu\/en\/wp-json\/wp\/v2\/product\/203","targetHints":{"allow":["GET"]}}],"collection":[{"href":"https:\/\/asmoto.eu\/en\/wp-json\/wp\/v2\/product"}],"about":[{"href":"https:\/\/asmoto.eu\/en\/wp-json\/wp\/v2\/types\/product"}],"replies":[{"embeddable":true,"href":"https:\/\/asmoto.eu\/en\/wp-json\/wp\/v2\/comments?post=203"}],"wp:attachment":[{"href":"https:\/\/asmoto.eu\/en\/wp-json\/wp\/v2\/media?parent=203"}],"wp:term":[{"taxonomy":"product_cat","embeddable":true,"href":"https:\/\/asmoto.eu\/en\/wp-json\/wp\/v2\/product_cat?post=203"},{"taxonomy":"product_tag","embeddable":true,"href":"https:\/\/asmoto.eu\/en\/wp-json\/wp\/v2\/product_tag?post=203"}],"curies":[{"name":"wp","href":"https:\/\/api.w.org\/{rel}","templated":true}]}}