{"id":152,"date":"2024-04-03T15:12:33","date_gmt":"2024-04-03T13:12:33","guid":{"rendered":"https:\/\/asmoto.eu\/?page_id=152"},"modified":"2024-04-03T15:14:31","modified_gmt":"2024-04-03T13:14:31","slug":"rolunk","status":"publish","type":"page","link":"https:\/\/asmoto.eu\/en\/about-us\/","title":{"rendered":"About us"},"content":{"rendered":"<div data-elementor-type=\"wp-page\" data-elementor-id=\"152\" class=\"elementor elementor-152\" data-elementor-post-type=\"page\">\n\t\t\t\t<div class=\"elementor-element elementor-element-1bbb0fd e-flex e-con-boxed e-con e-parent\" data-id=\"1bbb0fd\" data-element_type=\"container\" data-settings=\"{&quot;background_background&quot;:&quot;classic&quot;}\" data-core-v316-plus=\"true\">\n\t\t\t\t\t<div class=\"e-con-inner\">\n\t\t\t\t<div class=\"elementor-element elementor-element-48f1eda elementor-widget elementor-widget-heading\" data-id=\"48f1eda\" data-element_type=\"widget\" data-widget_type=\"heading.default\">\n\t\t\t\t<div class=\"elementor-widget-container\">\n\t\t\t<style>\/*! elementor - v3.20.0 - 10-04-2024 *\/\n.elementor-heading-title{padding:0;margin:0;line-height:1}.elementor-widget-heading .elementor-heading-title[class*=elementor-size-]>a{color:inherit;font-size:inherit;line-height:inherit}.elementor-widget-heading .elementor-heading-title.elementor-size-small{font-size:15px}.elementor-widget-heading .elementor-heading-title.elementor-size-medium{font-size:19px}.elementor-widget-heading .elementor-heading-title.elementor-size-large{font-size:29px}.elementor-widget-heading .elementor-heading-title.elementor-size-xl{font-size:39px}.elementor-widget-heading .elementor-heading-title.elementor-size-xxl{font-size:59px}<\/style><h2 class=\"elementor-heading-title elementor-size-default\">About us<\/h2>\t\t<\/div>\n\t\t\t\t<\/div>\n\t\t\t\t\t<\/div>\n\t\t\t\t<\/div>\n\t\t<div class=\"elementor-element elementor-element-1e0f87b e-flex e-con-boxed e-con e-parent\" data-id=\"1e0f87b\" data-element_type=\"container\" data-core-v316-plus=\"true\">\n\t\t\t\t\t<div class=\"e-con-inner\">\n\t\t\t\t<div class=\"elementor-element elementor-element-7eb87bd elementor-widget elementor-widget-text-editor\" data-id=\"7eb87bd\" data-element_type=\"widget\" data-widget_type=\"text-editor.default\">\n\t\t\t\t<div class=\"elementor-widget-container\">\n\t\t\t<style>\/*! elementor - v3.20.0 - 10-04-2024 *\/\n.elementor-widget-text-editor.elementor-drop-cap-view-stacked .elementor-drop-cap{background-color:#69727d;color:#fff}.elementor-widget-text-editor.elementor-drop-cap-view-framed .elementor-drop-cap{color:#69727d;border:3px solid;background-color:transparent}.elementor-widget-text-editor:not(.elementor-drop-cap-view-default) .elementor-drop-cap{margin-top:8px}.elementor-widget-text-editor:not(.elementor-drop-cap-view-default) .elementor-drop-cap-letter{width:1em;height:1em}.elementor-widget-text-editor .elementor-drop-cap{float:left;text-align:center;line-height:1;font-size:50px}.elementor-widget-text-editor .elementor-drop-cap-letter{display:inline-block}<\/style>\t\t\t\t<p>ASMoto Race Electronics was founded with the aim of providing professional service and electronics products for the racing industry. One of our main products is the ASMoto ECU engine control electronics, but we also manufacture many other electronic accessories, traction control, instrument clusters, data loggers, switchboards and wiring harnesses.<\/p><p>Development is now taking place in different locations with several partners, including rally teams, companies building race cars and their engines, ECU programmers.<br \/>We also undertake the installation, adjustment and programming of these products, as well as the complete electrical installation and wiring of racing cars. So you can have everything electronics in one place. With the help of our partners, it is also possible to do motorcycle set-ups and complete race car builds. Our products are all compatible with each other, they communicate via CAN bus, which makes installation and expansion easy, even afterwards.<\/p>\t\t\t\t\t\t<\/div>\n\t\t\t\t<\/div>\n\t\t\t\t\t<\/div>\n\t\t\t\t<\/div>\n\t\t\t\t<\/div>","protected":false},"excerpt":{"rendered":"<p>R\u00f3lunk Az ASMoto Race Electronics azzal a c\u00e9llal alakult, hogy professzion\u00e1lis szolg\u00e1ltat\u00e1st \u00e9s elektronikai term\u00e9keket ny\u00fajtson a versenysport r\u00e9sz\u00e9re. Egyik f\u0151 term\u00e9k\u00fcnk az ASMoto ECU motorvez\u00e9rl\u0151 elektronika, de emellett gy\u00e1rtunk sok m\u00e1s elektronikai kieg\u00e9sz\u00edt\u0151t is, kip\u00f6rg\u00e9sg\u00e1tl\u00f3t, m\u0171szercsoportot, adatr\u00f6gz\u00edt\u0151t, kapcsol\u00f3t\u00e1bl\u00e1kat \u00e9s k\u00e1belk\u00f6tegeket. M\u00e1ra m\u00e1r a fejleszt\u00e9s k\u00fcl\u00f6nb\u00f6z\u0151 helysz\u00edneken t\u00f6bb partner bevon\u00e1s\u00e1val zajlik, akik k\u00f6z\u00f6tt vannak rally [&hellip;]<\/p>","protected":false},"author":1,"featured_media":0,"parent":0,"menu_order":0,"comment_status":"closed","ping_status":"closed","template":"elementor_header_footer","meta":{"footnotes":""},"class_list":["post-152","page","type-page","status-publish","hentry"],"_links":{"self":[{"href":"https:\/\/asmoto.eu\/en\/wp-json\/wp\/v2\/pages\/152","targetHints":{"allow":["GET"]}}],"collection":[{"href":"https:\/\/asmoto.eu\/en\/wp-json\/wp\/v2\/pages"}],"about":[{"href":"https:\/\/asmoto.eu\/en\/wp-json\/wp\/v2\/types\/page"}],"author":[{"embeddable":true,"href":"https:\/\/asmoto.eu\/en\/wp-json\/wp\/v2\/users\/1"}],"replies":[{"embeddable":true,"href":"https:\/\/asmoto.eu\/en\/wp-json\/wp\/v2\/comments?post=152"}],"version-history":[{"count":7,"href":"https:\/\/asmoto.eu\/en\/wp-json\/wp\/v2\/pages\/152\/revisions"}],"predecessor-version":[{"id":164,"href":"https:\/\/asmoto.eu\/en\/wp-json\/wp\/v2\/pages\/152\/revisions\/164"}],"wp:attachment":[{"href":"https:\/\/asmoto.eu\/en\/wp-json\/wp\/v2\/media?parent=152"}],"curies":[{"name":"wp","href":"https:\/\/api.w.org\/{rel}","templated":true}]}}