{"id":217,"date":"2024-04-03T15:53:18","date_gmt":"2024-04-03T13:53:18","guid":{"rendered":"https:\/\/asmoto.eu\/?post_type=product&#038;p=217"},"modified":"2024-04-03T15:53:18","modified_gmt":"2024-04-03T13:53:18","slug":"tractioncontrol","status":"publish","type":"product","link":"https:\/\/asmoto.eu\/de\/product\/tractioncontrol\/","title":{"rendered":"TractionControl"},"content":{"rendered":"","protected":false},"excerpt":{"rendered":"<p>Traktionskontrolle f\u00fcr Fahrzeuge mit Front-, Heck- und Allradantrieb. Anhand des Signals der ABS-Radsensoren reduziert sie das Motordrehmoment, bis der Schlupf der angetriebenen R\u00e4der unter 20% f\u00e4llt. Sie arbeitet perfekt mit dem ASMoto-Steuerger\u00e4t zusammen, das \u00fcber einen CAN-Bus das auf die R\u00e4der ausge\u00fcbte Drehmoment zu jedem Zeitpunkt kontinuierlich und intelligent steuern kann, aber auch mit anderen Motorsteuerungssystemen verbunden werden kann.<\/p>\n<p>Es sind zwei Versionen erh\u00e4ltlich, eine f\u00fcr Signale von induktiven Raddrehzahlsensoren, die bei \u00e4lteren Fahrzeugen verwendet werden, die andere f\u00fcr den Einbau in intelligente Sensoren bei neueren Modellen. Die neueren Typen sind insofern besser, als sie jede langsame Drehung erkennen k\u00f6nnen, so dass das Anfahren aus dem Stand etwas besser sein kann als bei induktiven Sensoren, die erst ab 10-15 km\/h ein brauchbares Signal liefern.<\/p>\n<p>Die Verkabelung des gesamten Systems ist sehr einfach, neben den 8 Dr\u00e4hten der 4 Radsensoren ben\u00f6tigen Sie ein Signal vom Bremslichtschalter, ein Signal vom Handbremsschalter, einen Ausgang zur Motorsteuerung (CAN-Bus im Falle der ASMoto ECU), eine Stromversorgung und vielleicht eine Anzeige im Armaturenbrett.<\/p>\n<p>Gleichzeitig ist die Elektronik in der Lage, den zuschaltbaren Allradantrieb (z.B. Haldex) je nach Traktion programmierbar zu steuern oder sogar (z.B. f\u00fcr den Offroad-Einsatz) die elektronische Differenzialsperre bzw. Differenzialbremsung pro Rad vorzuprogrammieren.<\/p>","protected":false},"featured_media":0,"comment_status":"open","ping_status":"closed","template":"","meta":[],"product_cat":[18],"product_tag":[],"class_list":{"0":"post-217","1":"product","2":"type-product","3":"status-publish","5":"product_cat-egyeb","7":"first","8":"instock","9":"shipping-taxable","10":"product-type-simple"},"_links":{"self":[{"href":"https:\/\/asmoto.eu\/de\/wp-json\/wp\/v2\/product\/217","targetHints":{"allow":["GET"]}}],"collection":[{"href":"https:\/\/asmoto.eu\/de\/wp-json\/wp\/v2\/product"}],"about":[{"href":"https:\/\/asmoto.eu\/de\/wp-json\/wp\/v2\/types\/product"}],"replies":[{"embeddable":true,"href":"https:\/\/asmoto.eu\/de\/wp-json\/wp\/v2\/comments?post=217"}],"wp:attachment":[{"href":"https:\/\/asmoto.eu\/de\/wp-json\/wp\/v2\/media?parent=217"}],"wp:term":[{"taxonomy":"product_cat","embeddable":true,"href":"https:\/\/asmoto.eu\/de\/wp-json\/wp\/v2\/product_cat?post=217"},{"taxonomy":"product_tag","embeddable":true,"href":"https:\/\/asmoto.eu\/de\/wp-json\/wp\/v2\/product_tag?post=217"}],"curies":[{"name":"wp","href":"https:\/\/api.w.org\/{rel}","templated":true}]}}