{"id":215,"date":"2024-04-03T15:52:45","date_gmt":"2024-04-03T13:52:45","guid":{"rendered":"https:\/\/asmoto.eu\/?post_type=product&#038;p=215"},"modified":"2024-12-03T13:53:17","modified_gmt":"2024-12-03T12:53:17","slug":"battery-isolator","status":"publish","type":"product","link":"https:\/\/asmoto.eu\/de\/product\/battery-isolator\/","title":{"rendered":"Battery Isolator"},"content":{"rendered":"","protected":false},"excerpt":{"rendered":"<p>Der ASMoto BatteryIsolator ist ein vollelektronisches Batterietrennsystem, das speziell f\u00fcr Rennsportanwendungen entwickelt wurde. Da es keine beweglichen Teile enth\u00e4lt, ist es sehr widerstandsf\u00e4hig gegen Vibrationen, St\u00f6\u00dfe und Verunreinigungen wie Wasser, Staub usw., und die Trennung erfolgt v\u00f6llig funkenfrei, was ein hohes Ma\u00df an Sicherheit im Falle eines Unfalls bietet.<\/p>\n<p><strong><img fetchpriority=\"high\" decoding=\"async\" class=\"wp-image-3231 size-medium alignright\" src=\"https:\/\/asmoto.eu\/wp-content\/uploads\/2023\/12\/100_2093k4-300x294.jpg\" sizes=\"(max-width: 300px) 100vw, 300px\" srcset=\"https:\/\/asmoto.eu\/wp-content\/uploads\/2023\/12\/100_2093k4-300x294.jpg 300w, https:\/\/asmoto.eu\/wp-content\/uploads\/2023\/12\/100_2093k4-418x410.jpg 418w, https:\/\/asmoto.eu\/wp-content\/uploads\/2023\/12\/100_2093k4.jpg 703w\" alt=\"\" width=\"300\" height=\"294\" \/><\/strong><\/p>\n<p>BatteryIsolator unterbricht die Verbindung zwischen der negativen Ecke der Batterie und dem K\u00f6rper.<\/p>\n<p>Es kann 3 Funktionen erf\u00fcllen:<\/p>\n<ul>\n<li>Trennt alle elektrischen Ger\u00e4te von der Batterie<\/li>\n<li>Schaltet den Motor ab (Engine Kill Funktion, um den PDM oder die ECU zu deaktivieren)<\/li>\n<li>Er leitet die von der Lichtmaschine verursachte \u00dcberspannung ab, die sich nach dem Abschalten weiterdreht und so die elektronischen Ger\u00e4te des Fahrzeugs sch\u00fctzt.<\/li>\n<\/ul>\n<p>Der Schutzschalter verf\u00fcgt \u00fcber mehrere interne Schutzvorrichtungen, einschlie\u00dflich \u00dcberstrom- und \u00dcberhitzungs\u00fcberwachung. Er \u00fcberwacht st\u00e4ndig den Status der Tasten und schaltet bei einem Drahtbruch, z. B. bei einem Unfall, sofort ab. Zwei LEDs zeigen den Status und Fehlercodes an, eine am Hauptschalter und eine am Schutzschalter.<\/p>\n<p>Es kann \u00fcber den Lin-Bus mit dem ASMoto PowerModule kommunizieren, so dass alle Parameter des Leistungsschalters \u00fcberwacht und protokolliert werden k\u00f6nnen.<\/p>\n<p><a href=\"https:\/\/asmoto.eu\/download\/BatteryIsolator-Manual-1_3-HU.pdf\">Weitere Informationen \u00fcber das Produkt<\/a><\/p>\n<p>und<\/p>\n<p><a href=\"https:\/\/asmoto.eu\/download\/BatteryIsolator-Lap-1_2-EN.pdf\">Weitere Informationen \u00fcber das Produkt<\/a><\/p>","protected":false},"featured_media":216,"comment_status":"open","ping_status":"closed","template":"","meta":[],"product_cat":[18],"product_tag":[],"class_list":{"0":"post-215","1":"product","2":"type-product","3":"status-publish","4":"has-post-thumbnail","6":"product_cat-egyeb","8":"first","9":"instock","10":"shipping-taxable","11":"product-type-simple"},"_links":{"self":[{"href":"https:\/\/asmoto.eu\/de\/wp-json\/wp\/v2\/product\/215","targetHints":{"allow":["GET"]}}],"collection":[{"href":"https:\/\/asmoto.eu\/de\/wp-json\/wp\/v2\/product"}],"about":[{"href":"https:\/\/asmoto.eu\/de\/wp-json\/wp\/v2\/types\/product"}],"replies":[{"embeddable":true,"href":"https:\/\/asmoto.eu\/de\/wp-json\/wp\/v2\/comments?post=215"}],"wp:featuredmedia":[{"embeddable":true,"href":"https:\/\/asmoto.eu\/de\/wp-json\/wp\/v2\/media\/216"}],"wp:attachment":[{"href":"https:\/\/asmoto.eu\/de\/wp-json\/wp\/v2\/media?parent=215"}],"wp:term":[{"taxonomy":"product_cat","embeddable":true,"href":"https:\/\/asmoto.eu\/de\/wp-json\/wp\/v2\/product_cat?post=215"},{"taxonomy":"product_tag","embeddable":true,"href":"https:\/\/asmoto.eu\/de\/wp-json\/wp\/v2\/product_tag?post=215"}],"curies":[{"name":"wp","href":"https:\/\/api.w.org\/{rel}","templated":true}]}}