{"id":213,"date":"2024-04-03T15:51:46","date_gmt":"2024-04-03T13:51:46","guid":{"rendered":"https:\/\/asmoto.eu\/?post_type=product&#038;p=213"},"modified":"2024-04-17T13:03:53","modified_gmt":"2024-04-17T11:03:53","slug":"datalogger","status":"publish","type":"product","link":"https:\/\/asmoto.eu\/de\/product\/datalogger\/","title":{"rendered":"DataLogger"},"content":{"rendered":"","protected":false},"excerpt":{"rendered":"<p>ASMoto DataLogger ist eine hervorragende L\u00f6sung f\u00fcr die Aufzeichnung von Daten aus verschiedenen Teilen des Fahrzeugs.\u00a0<img fetchpriority=\"high\" decoding=\"async\" class=\"size-medium wp-image-2323 alignright\" src=\"http:\/\/asmoto.eu\/wp-content\/uploads\/2017\/12\/2-1-300x233.png\" sizes=\"(max-width: 300px) 100vw, 300px\" srcset=\"https:\/\/asmoto.eu\/wp-content\/uploads\/2017\/12\/2-1-300x233.png 300w, https:\/\/asmoto.eu\/wp-content\/uploads\/2017\/12\/2-1-768x595.png 768w, https:\/\/asmoto.eu\/wp-content\/uploads\/2017\/12\/2-1-418x324.png 418w, https:\/\/asmoto.eu\/wp-content\/uploads\/2017\/12\/2-1.png 867w\" alt=\"\" width=\"300\" height=\"233\" \/><\/p>\n<p>Es zeichnet Daten auf einer MicroSD-Karte auf, die sp\u00e4ter in einen PC eingelegt und von jedem Programm angezeigt werden k\u00f6nnen, das .csv-Dateien analysieren kann, wie z. B. MegaLogViewer.<\/p>\n<p>Es verf\u00fcgt \u00fcber einen GPS-Empf\u00e4nger, der an eine Antenne angeschlossen werden kann, um die GPS-Koordinaten und die genaue Uhrzeit aufzuzeichnen, was f\u00fcr eine sp\u00e4tere Analyse eine gro\u00dfe Hilfe sein kann. Au\u00dferdem verf\u00fcgt es \u00fcber einen integrierten 3-Wege-Beschleunigungsmesser, eine Uhr und ein Kalendermodul, die von einer Backup-Batterie versorgt werden. Neben der Aufzeichnung von Daten von ECU, DashBoard und anderen Einheiten auf dem CAN-Bus ist es m\u00f6glich, Sensoren an die zus\u00e4tzlichen 8 Analogeing\u00e4nge anzuschlie\u00dfen.<\/p>\n<p><a title=\"Weitere Informationen \u00fcber das Produkt\" href=\"https:\/\/asmoto.eu\/download\/DataLogger-Manual-1_0-HU.pdf\">Weitere Informationen \u00fcber das Produkt<\/a><\/p>","protected":false},"featured_media":214,"comment_status":"open","ping_status":"closed","template":"","meta":[],"product_cat":[18],"product_tag":[],"class_list":{"0":"post-213","1":"product","2":"type-product","3":"status-publish","4":"has-post-thumbnail","6":"product_cat-egyeb","8":"first","9":"instock","10":"shipping-taxable","11":"product-type-simple"},"_links":{"self":[{"href":"https:\/\/asmoto.eu\/de\/wp-json\/wp\/v2\/product\/213","targetHints":{"allow":["GET"]}}],"collection":[{"href":"https:\/\/asmoto.eu\/de\/wp-json\/wp\/v2\/product"}],"about":[{"href":"https:\/\/asmoto.eu\/de\/wp-json\/wp\/v2\/types\/product"}],"replies":[{"embeddable":true,"href":"https:\/\/asmoto.eu\/de\/wp-json\/wp\/v2\/comments?post=213"}],"wp:featuredmedia":[{"embeddable":true,"href":"https:\/\/asmoto.eu\/de\/wp-json\/wp\/v2\/media\/214"}],"wp:attachment":[{"href":"https:\/\/asmoto.eu\/de\/wp-json\/wp\/v2\/media?parent=213"}],"wp:term":[{"taxonomy":"product_cat","embeddable":true,"href":"https:\/\/asmoto.eu\/de\/wp-json\/wp\/v2\/product_cat?post=213"},{"taxonomy":"product_tag","embeddable":true,"href":"https:\/\/asmoto.eu\/de\/wp-json\/wp\/v2\/product_tag?post=213"}],"curies":[{"name":"wp","href":"https:\/\/api.w.org\/{rel}","templated":true}]}}