{"id":201,"date":"2024-04-03T15:36:42","date_gmt":"2024-04-03T13:36:42","guid":{"rendered":"https:\/\/asmoto.eu\/?post_type=product&#038;p=201"},"modified":"2024-04-05T12:07:07","modified_gmt":"2024-04-05T10:07:07","slug":"ecu-610-612","status":"publish","type":"product","link":"https:\/\/asmoto.eu\/de\/product\/ecu-610-612\/","title":{"rendered":"ECU 610-612"},"content":{"rendered":"","protected":false},"excerpt":{"rendered":"<p><strong>Die ECU-6xx-Serie wurde ab 04 2018 um zwei neue Steuerger\u00e4te erweitert, die weniger leistungsf\u00e4hig und g\u00fcnstiger sind als die ECU 66x:<img decoding=\"async\" class=\"size-full wp-image-3057 alignright\" src=\"http:\/\/asmoto.eu\/wp-content\/uploads\/2018\/02\/ECU-61x-box.png\" alt=\"\" width=\"248\" height=\"170\" \/><\/strong><\/p>\n<p><strong>ECU 610: nur f\u00fcr Z\u00fcndsteuerung, Vergasermotoren bis zu 4 Zylindern:<\/strong><\/p>\n<ul>\n<li>2 Z\u00fcndausg\u00e4nge, per Software w\u00e4hlbarer Logik- oder Leistungsausgang<\/li>\n<li>1 Klopfsensor mit Eingang, Klopfkorrektur pro Zylinder<\/li>\n<li>7 analoge\/logische Eing\u00e4nge<\/li>\n<li>Signal des Hauptzylinders: Hall oder induktiv<\/li>\n<li>Signal der Antriebswelle: HALL (f\u00fcr den Betrieb nicht erforderlich)<\/li>\n<li>4 frei programmierbare Ausg\u00e4nge: (z.B. Motork\u00fchlung, Drehzahlmesser, Kraftstoffpumpensteuerung), davon 1 PWM (z.B. Ladedruckregelung, Nockensteuerung) oder ISO 14230-4 (EOBD k-line)<\/li>\n<li>1 CAN-Bus<\/li>\n<li>4 Motorkennfelder<\/li>\n<li>Erweiterungsm\u00f6glichkeit zur ECU 612<\/li>\n<\/ul>\n<p><strong>ECU 612: alles was ECU 610 kann, + f\u00fcr Einspritzmotoren bis zu 4 Zylindern:<br \/>\n<\/strong><\/p>\n<ul>\n<li>1 LSU 4.2 oder 4.9 Breitband-Lambdasondenbehandlung<\/li>\n<li>4 Injektorausg\u00e4nge<\/li>\n<\/ul>","protected":false},"featured_media":202,"comment_status":"open","ping_status":"closed","template":"","meta":[],"product_cat":[18],"product_tag":[],"class_list":{"0":"post-201","1":"product","2":"type-product","3":"status-publish","4":"has-post-thumbnail","6":"product_cat-egyeb","8":"first","9":"instock","10":"shipping-taxable","11":"product-type-simple"},"_links":{"self":[{"href":"https:\/\/asmoto.eu\/de\/wp-json\/wp\/v2\/product\/201","targetHints":{"allow":["GET"]}}],"collection":[{"href":"https:\/\/asmoto.eu\/de\/wp-json\/wp\/v2\/product"}],"about":[{"href":"https:\/\/asmoto.eu\/de\/wp-json\/wp\/v2\/types\/product"}],"replies":[{"embeddable":true,"href":"https:\/\/asmoto.eu\/de\/wp-json\/wp\/v2\/comments?post=201"}],"wp:featuredmedia":[{"embeddable":true,"href":"https:\/\/asmoto.eu\/de\/wp-json\/wp\/v2\/media\/202"}],"wp:attachment":[{"href":"https:\/\/asmoto.eu\/de\/wp-json\/wp\/v2\/media?parent=201"}],"wp:term":[{"taxonomy":"product_cat","embeddable":true,"href":"https:\/\/asmoto.eu\/de\/wp-json\/wp\/v2\/product_cat?post=201"},{"taxonomy":"product_tag","embeddable":true,"href":"https:\/\/asmoto.eu\/de\/wp-json\/wp\/v2\/product_tag?post=201"}],"curies":[{"name":"wp","href":"https:\/\/api.w.org\/{rel}","templated":true}]}}