{"id":199,"date":"2024-04-03T15:35:33","date_gmt":"2024-04-03T13:35:33","guid":{"rendered":"https:\/\/asmoto.eu\/?post_type=product&#038;p=199"},"modified":"2024-04-17T13:00:16","modified_gmt":"2024-04-17T11:00:16","slug":"ecu-66x","status":"publish","type":"product","link":"https:\/\/asmoto.eu\/de\/product\/ecu-66x\/","title":{"rendered":"ECU 66x"},"content":{"rendered":"","protected":false},"excerpt":{"rendered":"<div class=\"cherry-projects-single__title\">\n<div class=\"cherry-projects-single__title\">\n<p><strong>Szabadon programozhat\u00f3 motorvez\u00e9rl\u0151 rendszer verseny c\u00e9lokra<\/strong><\/p>\n<p><strong><img fetchpriority=\"high\" decoding=\"async\" class=\"size-medium wp-image-2121 alignright\" src=\"http:\/\/asmoto.eu\/wp-content\/uploads\/2017\/09\/ecu1-300x185.jpg\" sizes=\"(max-width: 300px) 100vw, 300px\" srcset=\"https:\/\/asmoto.eu\/wp-content\/uploads\/2017\/09\/ecu1-300x185.jpg 300w, https:\/\/asmoto.eu\/wp-content\/uploads\/2017\/09\/ecu1-768x473.jpg 768w, https:\/\/asmoto.eu\/wp-content\/uploads\/2017\/09\/ecu1-1024x631.jpg 1024w, https:\/\/asmoto.eu\/wp-content\/uploads\/2017\/09\/ecu1-418x258.jpg 418w, https:\/\/asmoto.eu\/wp-content\/uploads\/2017\/09\/ecu1.jpg 1762w\" alt=\"\" width=\"300\" height=\"185\" \/><\/strong><\/p>\n<p>Az ECU-6xx az ASMoto m\u00e1sodik gener\u00e1ci\u00f3s motorvez\u00e9rl\u0151 egys\u00e9ge. J\u00f3 min\u0151s\u00e9g\u0171, k\u00f6nny\u0171 anyagokb\u00f3l, de m\u00e9gis robosztus kivitelben, prec\u00edzi\u00f3s elj\u00e1r\u00e1ssal gy\u00e1rtott vez\u00e9rl\u0151egys\u00e9g\u00fcnk a motorsportban a jelenleg legmodernebb, m\u00e9g megfizethet\u0151 technol\u00f3gi\u00e1kat egyes\u00edti mag\u00e1ban, an\u00e9lk\u00fcl hogy az el\u0151d\u00f6k m\u00e1r megszokott pontoss\u00e1g\u00e1b\u00f3l \u00e9s megb\u00edzhat\u00f3s\u00e1g\u00e1b\u00f3l vesz\u00edtene.<\/p>\n<p>C\u00e9lunk az volt, hogy tartsuk a l\u00e9p\u00e9st a technol\u00f3gia fejl\u0151d\u00e9s\u00e9vel, an\u00e9lk\u00fcl hogy az \u00faj\u00edt\u00e1ssal j\u00e1r\u00f3 negat\u00edvumok is megjelenjenek. Ez\u00e9rt a felhaszn\u00e1l\u00f3k sz\u00e1m\u00e1ra m\u00e1r ismert, k\u00f6nnyen kezelhet\u0151, folyamatosan friss\u00fcl\u0151 \u00e9s ingyenes AREM (ASMoto Race Electronics Manager) szoftvert illesztett\u00fck a bonyolultabb algoritmusok kezel\u00e9s\u00e9hez. Flexibilis, pontos, hat\u00e9kony \u00e9s egyszer\u0171, hogy \u00fcgyfeleink el\u00e9gedetts\u00e9g\u00e9t egy \u00fajabb szintre emelhess\u00fck.<\/p>\n<p>Term\u00e9k\u00fcnk, mint Standalone ECU, a t\u00f6k\u00e9letes v\u00e1laszt\u00e1s b\u00e1rmilyen 4-8 hengeres, n\u00e9gy\u00fctem\u0171 motor vez\u00e9rl\u00e9s\u00e9hez. A konfigur\u00e1ci\u00f3s lehet\u0151s\u00e9gek \u00e9s extr\u00e1k ny\u00fajtotta szabads\u00e1g azonnal \u00e9rz\u00e9kelhet\u0151, melyek r\u00f6vid le\u00edr\u00e1sa a bros\u00far\u00e1ban l\u00e1that\u00f3. Term\u00e9szetesen az ASMoto t\u00f6bbi term\u00e9k\u00e9vel (DashBoard, PowerModule, DataLogger) kommunik\u00e1l, de m\u00e1s rendszerbe is egyszer\u0171en integr\u00e1lhat\u00f3, hogy azoknak, akik szeretn\u00e9k kipr\u00f3b\u00e1lni term\u00e9keinket, ez megval\u00f3s\u00edthat\u00f3 legyen.<\/p>\n<ul>\n<li>\u00a012 analog input<\/li>\n<li>\u00a020 output<\/li>\n<li>\u00a0LSU wide band Lambda control<\/li>\n<li>\u00a0Knock control<\/li>\n<li>\u00a06 + 6 injector and ignition coil drivers<\/li>\n<li>\u00a0ALS<\/li>\n<li>\u00a0Boost control \/PID or open loop\/<\/li>\n<li>\u00a04 programmable PWM control<\/li>\n<li>\u00a0Launch Control<\/li>\n<li>\u00a0Traction Control<\/li>\n<li>\u00a0Gear shift cut<\/li>\n<li>\u00a0Electronic throttle control<\/li>\n<li>\u00a02 conf. CAN interface<\/li>\n<\/ul>\n<p>&nbsp;<\/p>\n<p><a title=\"Weitere Informationen \u00fcber das Produkt\" href=\"https:\/\/asmoto.eu\/download\/ECU66x-Brochure-HU.pdf\">Weitere Informationen \u00fcber das Produkt<\/a><\/p>\n<\/div>\n<div class=\"cherry-projects-single__content\">\n<section class=\"vc_section\">\n<div class=\"vc_row wpb_row vc_row-fluid vc_custom_1499435377727 vc_column-gap-30\">\n<div class=\"wpb_column vc_column_container vc_col-sm-12\">\n<div class=\"vc_column-inner\">\n<div class=\"wpb_wrapper\">\n<div class=\"wpb_text_column wpb_content_element\">\n<div class=\"wpb_wrapper\"><\/div>\n<\/div>\n<\/div>\n<\/div>\n<\/div>\n<\/div>\n<\/section>\n<\/div>\n<\/div>\n<div class=\"cherry-projects-single__content\">\n<section class=\"vc_section\">\n<div class=\"vc_row wpb_row vc_row-fluid vc_custom_1499435377727 vc_column-gap-30\">\n<div class=\"wpb_column vc_column_container vc_col-sm-12\">\n<div class=\"vc_column-inner\">\n<div class=\"wpb_wrapper\">\n<div class=\"wpb_text_column wpb_content_element\">\n<div class=\"wpb_wrapper\"><\/div>\n<\/div>\n<\/div>\n<\/div>\n<\/div>\n<\/div>\n<\/section>\n<\/div>","protected":false},"featured_media":200,"comment_status":"open","ping_status":"closed","template":"","meta":[],"product_cat":[18],"product_tag":[],"class_list":{"0":"post-199","1":"product","2":"type-product","3":"status-publish","4":"has-post-thumbnail","6":"product_cat-egyeb","8":"first","9":"instock","10":"shipping-taxable","11":"product-type-simple"},"_links":{"self":[{"href":"https:\/\/asmoto.eu\/de\/wp-json\/wp\/v2\/product\/199","targetHints":{"allow":["GET"]}}],"collection":[{"href":"https:\/\/asmoto.eu\/de\/wp-json\/wp\/v2\/product"}],"about":[{"href":"https:\/\/asmoto.eu\/de\/wp-json\/wp\/v2\/types\/product"}],"replies":[{"embeddable":true,"href":"https:\/\/asmoto.eu\/de\/wp-json\/wp\/v2\/comments?post=199"}],"wp:featuredmedia":[{"embeddable":true,"href":"https:\/\/asmoto.eu\/de\/wp-json\/wp\/v2\/media\/200"}],"wp:attachment":[{"href":"https:\/\/asmoto.eu\/de\/wp-json\/wp\/v2\/media?parent=199"}],"wp:term":[{"taxonomy":"product_cat","embeddable":true,"href":"https:\/\/asmoto.eu\/de\/wp-json\/wp\/v2\/product_cat?post=199"},{"taxonomy":"product_tag","embeddable":true,"href":"https:\/\/asmoto.eu\/de\/wp-json\/wp\/v2\/product_tag?post=199"}],"curies":[{"name":"wp","href":"https:\/\/api.w.org\/{rel}","templated":true}]}}