{"id":189,"date":"2024-04-03T15:33:57","date_gmt":"2024-04-03T13:33:57","guid":{"rendered":"https:\/\/asmoto.eu\/?post_type=product&#038;p=189"},"modified":"2024-04-17T12:59:40","modified_gmt":"2024-04-17T10:59:40","slug":"powermodule","status":"publish","type":"product","link":"https:\/\/asmoto.eu\/de\/product\/powermodule\/","title":{"rendered":"PowerModule"},"content":{"rendered":"","protected":false},"excerpt":{"rendered":"<section class=\"vc_section\">\n<div class=\"vc_row wpb_row vc_row-fluid vc_custom_1499435377727 vc_column-gap-30\">\n<div class=\"wpb_column vc_column_container vc_col-sm-12\">\n<div class=\"vc_column-inner\">\n<div class=\"wpb_wrapper\">\n<div class=\"wpb_text_column wpb_content_element\">\n<div class=\"wpb_wrapper\">\n<div class=\"cherry-projects-single__title\">\n<h3><strong style=\"font-size: 16px;\">Frei programmierbarer Leistungssplitter<\/strong><\/h3>\n<\/div>\n<div class=\"cherry-projects-single__content\">\n<section class=\"vc_section\">\n<div class=\"vc_row wpb_row vc_row-fluid vc_custom_1499435377727 vc_column-gap-30\">\n<div class=\"wpb_column vc_column_container vc_col-sm-12\">\n<div class=\"vc_column-inner\">\n<div class=\"wpb_wrapper\">\n<div class=\"wpb_text_column wpb_content_element\">\n<div class=\"wpb_wrapper\">\n<p><strong><img fetchpriority=\"high\" decoding=\"async\" class=\"alignright wp-image-2123 size-medium\" src=\"http:\/\/asmoto.eu\/wp-content\/uploads\/2017\/09\/1nemtom2-300x226.png\" sizes=\"(max-width: 300px) 100vw, 300px\" srcset=\"https:\/\/asmoto.eu\/wp-content\/uploads\/2017\/09\/1nemtom2-300x226.png 300w, https:\/\/asmoto.eu\/wp-content\/uploads\/2017\/09\/1nemtom2-768x578.png 768w, https:\/\/asmoto.eu\/wp-content\/uploads\/2017\/09\/1nemtom2-480x360.png 480w, https:\/\/asmoto.eu\/wp-content\/uploads\/2017\/09\/1nemtom2-418x315.png 418w, https:\/\/asmoto.eu\/wp-content\/uploads\/2017\/09\/1nemtom2.png 1000w\" alt=\"\" width=\"300\" height=\"226\" \/><\/strong><\/p>\n<p>Mit dem PowerModule kann die Sicherungs- und Relaisplatine ersetzt werden, was den Kabelbaum des Rennwagens erheblich reduziert. Mit 18 Hochstrom- und 8 Niederstromausg\u00e4ngen k\u00f6nnen viele Lasten sicher versorgt werden. Die Verkabelung ist schneller und einfacher, und das fertige B\u00fcndel ist kleiner und \u00fcbersichtlicher. Sp\u00e4tere \u00c4nderungen an bestimmten Funktionen k\u00f6nnen einfach \u00fcber die Software vorgenommen werden.<\/p>\n<p>Mit seinen beiden Zubeh\u00f6rteilen ist das ASMoto PowerModule einzigartig auf dem Markt:<\/p>\n<p><img decoding=\"async\" class=\"alignleft\" src=\"http:\/\/asmoto.eu\/wp-content\/uploads\/2017\/12\/2.png\" width=\"157\" height=\"105\" \/><br \/>\nDas WSM-Modul ist kabellos mit dem PowerModule verbunden. Es kann verwendet werden, um die Bajonettschalter der Lenks\u00e4ule und ihre Dr\u00e4hte zu ersetzen. Eine breite Palette von Funktionen kann in die 8 Drucktasten programmiert werden, wie z.B. Blinker, Licht, Wischwasser, ALS, Startprogramm.<\/p>\n<p><img decoding=\"async\" class=\"alignright\" src=\"http:\/\/asmoto.eu\/wp-content\/uploads\/2017\/12\/3.png\" width=\"225\" height=\"165\" \/><br \/>\nDie 11 bzw. 14 Tasten des MembranePanel k\u00f6nnen ebenfalls frei f\u00fcr jede Funktion programmiert werden, wobei separate LEDs den Status und Fehler anzeigen. F\u00fcr all dies werden insgesamt 4 Dr\u00e4hte zum PowerModule ben\u00f6tigt. Wir liefern eine Auswahl von 70 Symbolen in dem vom Kunden gew\u00fcnschten Layout.<br \/>\n<a title=\"MembranePanel_icons\" href=\"https:\/\/asmoto.eu\/download\/MembranPanel_icons.pdf\">MembranePanel-Symbole<\/a><\/p>\n<p>Das PowerModule ist mit jedem anderen Steuerger\u00e4t kompatibel, das \u00fcber den CAN-Bus kommunizieren kann, z.B. MoTeC, DTA, Syvecs, dank des 2 CAN-Busses. Es kann verwendet werden, um die Kraftstoffpumpe zu starten, die Motork\u00fchlung, unter vielen anderen Dingen, ohne Relais und zus\u00e4tzliche Dr\u00e4hte.<br \/>\nUnterst\u00fctzung f\u00fcr elektronische Trennschalter, wie z. B. Cartec Battery Isolators.<\/p>\n<p><a title=\"Weitere Informationen \u00fcber das Produkt\" href=\"https:\/\/asmoto.eu\/download\/PowerModule-Manual-1_5-HU.pdf\">Weitere Informationen \u00fcber das Produkt<\/a><\/p>\n<\/div>\n<\/div>\n<\/div>\n<\/div>\n<\/div>\n<\/div>\n<\/section>\n<\/div>\n<\/div>\n<\/div>\n<\/div>\n<\/div>\n<\/div>\n<\/div>\n<\/section>\n<section class=\"vc_section\">\n<div class=\"vc_row wpb_row vc_row-fluid vc_column-gap-30\">\n<div class=\"wpb_column vc_column_container vc_col-sm-12\">\n<div class=\"vc_column-inner\">\n<div class=\"wpb_wrapper\">\n<div class=\"wpb_text_column wpb_content_element\">\n<div class=\"wpb_wrapper\"><\/div>\n<\/div>\n<\/div>\n<\/div>\n<\/div>\n<\/div>\n<\/section>","protected":false},"featured_media":190,"comment_status":"open","ping_status":"closed","template":"","meta":[],"product_cat":[18],"product_tag":[],"class_list":{"0":"post-189","1":"product","2":"type-product","3":"status-publish","4":"has-post-thumbnail","6":"product_cat-egyeb","8":"first","9":"instock","10":"shipping-taxable","11":"product-type-simple"},"_links":{"self":[{"href":"https:\/\/asmoto.eu\/de\/wp-json\/wp\/v2\/product\/189","targetHints":{"allow":["GET"]}}],"collection":[{"href":"https:\/\/asmoto.eu\/de\/wp-json\/wp\/v2\/product"}],"about":[{"href":"https:\/\/asmoto.eu\/de\/wp-json\/wp\/v2\/types\/product"}],"replies":[{"embeddable":true,"href":"https:\/\/asmoto.eu\/de\/wp-json\/wp\/v2\/comments?post=189"}],"wp:featuredmedia":[{"embeddable":true,"href":"https:\/\/asmoto.eu\/de\/wp-json\/wp\/v2\/media\/190"}],"wp:attachment":[{"href":"https:\/\/asmoto.eu\/de\/wp-json\/wp\/v2\/media?parent=189"}],"wp:term":[{"taxonomy":"product_cat","embeddable":true,"href":"https:\/\/asmoto.eu\/de\/wp-json\/wp\/v2\/product_cat?post=189"},{"taxonomy":"product_tag","embeddable":true,"href":"https:\/\/asmoto.eu\/de\/wp-json\/wp\/v2\/product_tag?post=189"}],"curies":[{"name":"wp","href":"https:\/\/api.w.org\/{rel}","templated":true}]}}