{"id":22,"date":"2024-04-02T13:19:27","date_gmt":"2024-04-02T11:19:27","guid":{"rendered":"https:\/\/asmoto.eu\/?page_id=22"},"modified":"2024-05-07T13:14:23","modified_gmt":"2024-05-07T11:14:23","slug":"fooldal","status":"publish","type":"page","link":"https:\/\/asmoto.eu\/de\/","title":{"rendered":"F\u0151oldal"},"content":{"rendered":"<div data-elementor-type=\"wp-page\" data-elementor-id=\"22\" class=\"elementor elementor-22\" data-elementor-post-type=\"page\">\n\t\t\t\t<div class=\"elementor-element elementor-element-3b09cad e-flex e-con-boxed e-con e-parent\" data-id=\"3b09cad\" data-element_type=\"container\" data-settings=\"{&quot;background_background&quot;:&quot;classic&quot;}\" data-core-v316-plus=\"true\">\n\t\t\t\t\t<div class=\"e-con-inner\">\n\t\t\t\t<div class=\"elementor-element elementor-element-6f92686 elementor-widget elementor-widget-image\" data-id=\"6f92686\" data-element_type=\"widget\" data-widget_type=\"image.default\">\n\t\t\t\t<div class=\"elementor-widget-container\">\n\t\t\t<style>\/*! elementor - v3.20.0 - 10-04-2024 *\/\n.elementor-widget-image{text-align:center}.elementor-widget-image a{display:inline-block}.elementor-widget-image a img[src$=\".svg\"]{width:48px}.elementor-widget-image img{vertical-align:middle;display:inline-block}<\/style>\t\t\t\t\t\t\t\t\t\t<img fetchpriority=\"high\" decoding=\"async\" width=\"500\" height=\"170\" src=\"https:\/\/asmoto.eu\/wp-content\/uploads\/2024\/04\/LogoHorizon1.png\" class=\"attachment-large size-large wp-image-28\" alt=\"\" srcset=\"https:\/\/asmoto.eu\/wp-content\/uploads\/2024\/04\/LogoHorizon1.png 500w, https:\/\/asmoto.eu\/wp-content\/uploads\/2024\/04\/LogoHorizon1-300x102.png 300w\" sizes=\"(max-width: 500px) 100vw, 500px\" \/>\t\t\t\t\t\t\t\t\t\t\t\t\t<\/div>\n\t\t\t\t<\/div>\n\t\t\t\t<div class=\"elementor-element elementor-element-b7832f9 elementor-widget elementor-widget-heading\" data-id=\"b7832f9\" data-element_type=\"widget\" data-widget_type=\"heading.default\">\n\t\t\t\t<div class=\"elementor-widget-container\">\n\t\t\t<style>\/*! elementor - v3.20.0 - 10-04-2024 *\/\n.elementor-heading-title{padding:0;margin:0;line-height:1}.elementor-widget-heading .elementor-heading-title[class*=elementor-size-]>a{color:inherit;font-size:inherit;line-height:inherit}.elementor-widget-heading .elementor-heading-title.elementor-size-small{font-size:15px}.elementor-widget-heading .elementor-heading-title.elementor-size-medium{font-size:19px}.elementor-widget-heading .elementor-heading-title.elementor-size-large{font-size:29px}.elementor-widget-heading .elementor-heading-title.elementor-size-xl{font-size:39px}.elementor-widget-heading .elementor-heading-title.elementor-size-xxl{font-size:59px}<\/style><h2 class=\"elementor-heading-title elementor-size-default\">Komplette Elektronikl\u00f6sungen f\u00fcr den Motorsport<\/h2>\t\t<\/div>\n\t\t\t\t<\/div>\n\t\t\t\t\t<\/div>\n\t\t\t\t<\/div>\n\t\t<div class=\"elementor-element elementor-element-dad5059 e-flex e-con-boxed e-con e-parent\" data-id=\"dad5059\" data-element_type=\"container\" data-core-v316-plus=\"true\">\n\t\t\t\t\t<div class=\"e-con-inner\">\n\t\t<div class=\"elementor-element elementor-element-db17d9e e-con-full e-flex e-con e-child\" data-id=\"db17d9e\" data-element_type=\"container\">\n\t\t\t\t<div class=\"elementor-element elementor-element-442014c elementor-widget elementor-widget-image\" data-id=\"442014c\" data-element_type=\"widget\" data-widget_type=\"image.default\">\n\t\t\t\t<div class=\"elementor-widget-container\">\n\t\t\t\t\t\t\t\t\t\t\t\t\t<img decoding=\"async\" width=\"800\" height=\"600\" src=\"https:\/\/asmoto.eu\/wp-content\/uploads\/2024\/04\/Bemutato1.jpg\" class=\"attachment-large size-large wp-image-35\" alt=\"\" srcset=\"https:\/\/asmoto.eu\/wp-content\/uploads\/2024\/04\/Bemutato1.jpg 960w, https:\/\/asmoto.eu\/wp-content\/uploads\/2024\/04\/Bemutato1-600x450.jpg 600w, https:\/\/asmoto.eu\/wp-content\/uploads\/2024\/04\/Bemutato1-300x225.jpg 300w, https:\/\/asmoto.eu\/wp-content\/uploads\/2024\/04\/Bemutato1-768x576.jpg 768w\" sizes=\"(max-width: 800px) 100vw, 800px\" \/>\t\t\t\t\t\t\t\t\t\t\t\t\t<\/div>\n\t\t\t\t<\/div>\n\t\t\t\t<\/div>\n\t\t<div class=\"elementor-element elementor-element-63efdac e-con-full e-flex e-con e-child\" data-id=\"63efdac\" data-element_type=\"container\">\n\t\t\t\t<div class=\"elementor-element elementor-element-fef9676 elementor-widget elementor-widget-heading\" data-id=\"fef9676\" data-element_type=\"widget\" data-widget_type=\"heading.default\">\n\t\t\t\t<div class=\"elementor-widget-container\">\n\t\t\t<h2 class=\"elementor-heading-title elementor-size-default\">\u00dcber uns<\/h2>\t\t<\/div>\n\t\t\t\t<\/div>\n\t\t\t\t<div class=\"elementor-element elementor-element-9f7167c elementor-widget elementor-widget-text-editor\" data-id=\"9f7167c\" data-element_type=\"widget\" data-widget_type=\"text-editor.default\">\n\t\t\t\t<div class=\"elementor-widget-container\">\n\t\t\t<style>\/*! elementor - v3.20.0 - 10-04-2024 *\/\n.elementor-widget-text-editor.elementor-drop-cap-view-stacked .elementor-drop-cap{background-color:#69727d;color:#fff}.elementor-widget-text-editor.elementor-drop-cap-view-framed .elementor-drop-cap{color:#69727d;border:3px solid;background-color:transparent}.elementor-widget-text-editor:not(.elementor-drop-cap-view-default) .elementor-drop-cap{margin-top:8px}.elementor-widget-text-editor:not(.elementor-drop-cap-view-default) .elementor-drop-cap-letter{width:1em;height:1em}.elementor-widget-text-editor .elementor-drop-cap{float:left;text-align:center;line-height:1;font-size:50px}.elementor-widget-text-editor .elementor-drop-cap-letter{display:inline-block}<\/style>\t\t\t\t<p>Von\u00a0<strong>ASMoto Race Electronics<\/strong>\u00a0wurde gegr\u00fcndet, um professionelle Dienstleistungen und Elektronikprodukte f\u00fcr den Leistungssportsektor anzubieten. Eines unserer Hauptprodukte ist die ASMoto ECU Motorsteuerungselektronik, aber wir stellen auch viele andere elektronische Zubeh\u00f6rteile, Traktionskontrolle, Kombiinstrumente, Datenlogger, Schalttafeln und Kabelb\u00e4ume her.<\/p>\t\t\t\t\t\t<\/div>\n\t\t\t\t<\/div>\n\t\t\t\t<div class=\"elementor-element elementor-element-65df7c2 elementor-widget elementor-widget-button\" data-id=\"65df7c2\" data-element_type=\"widget\" data-widget_type=\"button.default\">\n\t\t\t\t<div class=\"elementor-widget-container\">\n\t\t\t\t\t<div class=\"elementor-button-wrapper\">\n\t\t\t<a class=\"elementor-button elementor-button-link elementor-size-sm\" href=\"https:\/\/asmoto.eu\/de\/uber-uns\/\">\n\t\t\t\t\t\t<span class=\"elementor-button-content-wrapper\">\n\t\t\t\t\t\t<span class=\"elementor-button-text\">Mehr lesen<\/span>\n\t\t<\/span>\n\t\t\t\t\t<\/a>\n\t\t<\/div>\n\t\t\t\t<\/div>\n\t\t\t\t<\/div>\n\t\t\t\t<\/div>\n\t\t\t\t\t<\/div>\n\t\t\t\t<\/div>\n\t\t<div class=\"elementor-element elementor-element-267962d e-flex e-con-boxed e-con e-parent\" data-id=\"267962d\" data-element_type=\"container\" id=\"termekek\" data-settings=\"{&quot;background_background&quot;:&quot;classic&quot;}\" data-core-v316-plus=\"true\">\n\t\t\t\t\t<div class=\"e-con-inner\">\n\t\t\t\t<div class=\"elementor-element elementor-element-960d753 elementor-widget elementor-widget-heading\" data-id=\"960d753\" data-element_type=\"widget\" data-widget_type=\"heading.default\">\n\t\t\t\t<div class=\"elementor-widget-container\">\n\t\t\t<h2 class=\"elementor-heading-title elementor-size-default\">Unsere Produkte<\/h2>\t\t<\/div>\n\t\t\t\t<\/div>\n\t\t\t\t<div class=\"elementor-element elementor-element-ea495ca elementor-widget elementor-widget-text-editor\" data-id=\"ea495ca\" data-element_type=\"widget\" data-widget_type=\"text-editor.default\">\n\t\t\t\t<div class=\"elementor-widget-container\">\n\t\t\t\t\t\t\t<p><em>Leistung, Qualit\u00e4t, Zuverl\u00e4ssigkeit - das sind die Prinzipien, die unsere Produktentwicklung leiten.<\/em><\/p>\t\t\t\t\t\t<\/div>\n\t\t\t\t<\/div>\n\t\t\t\t\t<\/div>\n\t\t\t\t<\/div>\n\t\t<div class=\"elementor-element elementor-element-5ae168d e-flex e-con-boxed e-con e-parent\" data-id=\"5ae168d\" data-element_type=\"container\" data-core-v316-plus=\"true\">\n\t\t\t\t\t<div class=\"e-con-inner\">\n\t\t\t\t<div class=\"elementor-element elementor-element-19a2787 fooldal-termekek elementor-grid-4 elementor-grid-tablet-3 elementor-grid-mobile-2 elementor-products-grid elementor-wc-products elementor-widget elementor-widget-woocommerce-products\" data-id=\"19a2787\" data-element_type=\"widget\" data-widget_type=\"woocommerce-products.default\">\n\t\t\t\t<div class=\"elementor-widget-container\">\n\t\t\t<link rel=\"stylesheet\" href=\"https:\/\/asmoto.eu\/wp-content\/plugins\/elementor-pro\/assets\/css\/widget-woocommerce.min.css\"><div class=\"woocommerce columns-4\"><ul class=\"products elementor-grid columns-4\">\n<li class=\"product type-product post-215 status-publish first instock product_cat-egyeb has-post-thumbnail shipping-taxable product-type-simple\">\n\t<a href=\"https:\/\/asmoto.eu\/de\/product\/battery-isolator\/\" class=\"woocommerce-LoopProduct-link woocommerce-loop-product__link\"><img decoding=\"async\" width=\"300\" height=\"294\" src=\"https:\/\/asmoto.eu\/wp-content\/uploads\/2024\/04\/100_2093k4-300x294-1.jpg\" class=\"attachment-woocommerce_thumbnail size-woocommerce_thumbnail\" alt=\"\" \/><h2 class=\"woocommerce-loop-product__title\">Battery Isolator<\/h2>\n<\/a><a href=\"https:\/\/asmoto.eu\/de\/product\/battery-isolator\/\" data-quantity=\"1\" class=\"button product_type_simple\" data-product_id=\"215\" data-product_sku=\"\" aria-label=\"Lesen Sie mehr \u00fcber &quot;Battery Isolator&quot;\" aria-describedby=\"\" rel=\"nofollow\" data-no-translation=\"\" data-trp-gettext=\"\" data-no-translation-aria-label=\"\">Mehr lesen<\/a><\/li>\n<li class=\"product type-product post-213 status-publish instock product_cat-egyeb has-post-thumbnail shipping-taxable product-type-simple\">\n\t<a href=\"https:\/\/asmoto.eu\/de\/product\/datalogger\/\" class=\"woocommerce-LoopProduct-link woocommerce-loop-product__link\"><img loading=\"lazy\" decoding=\"async\" width=\"300\" height=\"233\" src=\"https:\/\/asmoto.eu\/wp-content\/uploads\/2024\/04\/2-1-300x233-1.png\" class=\"attachment-woocommerce_thumbnail size-woocommerce_thumbnail\" alt=\"\" \/><h2 class=\"woocommerce-loop-product__title\">DataLogger<\/h2>\n<\/a><a href=\"https:\/\/asmoto.eu\/de\/product\/datalogger\/\" data-quantity=\"1\" class=\"button product_type_simple\" data-product_id=\"213\" data-product_sku=\"\" aria-label=\"Lesen Sie mehr \u00fcber &quot;DataLogger&quot;\" aria-describedby=\"\" rel=\"nofollow\" data-no-translation=\"\" data-trp-gettext=\"\" data-no-translation-aria-label=\"\">Mehr lesen<\/a><\/li>\n<li class=\"product type-product post-211 status-publish instock product_cat-egyeb has-post-thumbnail shipping-taxable product-type-simple\">\n\t<a href=\"https:\/\/asmoto.eu\/de\/product\/dashboard-tft\/\" class=\"woocommerce-LoopProduct-link woocommerce-loop-product__link\"><img loading=\"lazy\" decoding=\"async\" width=\"300\" height=\"300\" src=\"https:\/\/asmoto.eu\/wp-content\/uploads\/2024\/04\/k1-300x300.jpg\" class=\"attachment-woocommerce_thumbnail size-woocommerce_thumbnail\" alt=\"\" srcset=\"https:\/\/asmoto.eu\/wp-content\/uploads\/2024\/04\/k1-300x300.jpg 300w, https:\/\/asmoto.eu\/wp-content\/uploads\/2024\/04\/k1-100x100.jpg 100w, https:\/\/asmoto.eu\/wp-content\/uploads\/2024\/04\/k1-150x150.jpg 150w\" sizes=\"(max-width: 300px) 100vw, 300px\" \/><h2 class=\"woocommerce-loop-product__title\">DashBoard TFT<\/h2>\n<\/a><a href=\"https:\/\/asmoto.eu\/de\/product\/dashboard-tft\/\" data-quantity=\"1\" class=\"button product_type_simple\" data-product_id=\"211\" data-product_sku=\"\" aria-label=\"Lesen Sie mehr \u00fcber &quot;DashBoard TFT&quot;\" aria-describedby=\"\" rel=\"nofollow\" data-no-translation=\"\" data-trp-gettext=\"\" data-no-translation-aria-label=\"\">Mehr lesen<\/a><\/li>\n<li class=\"product type-product post-204 status-publish last instock product_cat-egyeb has-post-thumbnail shipping-taxable product-type-simple\">\n\t<a href=\"https:\/\/asmoto.eu\/de\/product\/dashboard\/\" class=\"woocommerce-LoopProduct-link woocommerce-loop-product__link\"><img loading=\"lazy\" decoding=\"async\" width=\"225\" height=\"165\" src=\"https:\/\/asmoto.eu\/wp-content\/uploads\/2024\/04\/3-e1421591142520.png\" class=\"attachment-woocommerce_thumbnail size-woocommerce_thumbnail\" alt=\"\" \/><h2 class=\"woocommerce-loop-product__title\">DashBoard<\/h2>\n<\/a><a href=\"https:\/\/asmoto.eu\/de\/product\/dashboard\/\" data-quantity=\"1\" class=\"button product_type_simple\" data-product_id=\"204\" data-product_sku=\"\" aria-label=\"Lesen Sie mehr \u00fcber &quot;DashBoard&quot;\" aria-describedby=\"\" rel=\"nofollow\" data-no-translation=\"\" data-trp-gettext=\"\" data-no-translation-aria-label=\"\">Mehr lesen<\/a><\/li>\n<li class=\"product type-product post-201 status-publish first instock product_cat-egyeb has-post-thumbnail shipping-taxable product-type-simple\">\n\t<a href=\"https:\/\/asmoto.eu\/de\/product\/ecu-610-612\/\" class=\"woocommerce-LoopProduct-link woocommerce-loop-product__link\"><img loading=\"lazy\" decoding=\"async\" width=\"248\" height=\"170\" src=\"https:\/\/asmoto.eu\/wp-content\/uploads\/2024\/04\/ECU-61x-box.png\" class=\"attachment-woocommerce_thumbnail size-woocommerce_thumbnail\" alt=\"\" \/><h2 class=\"woocommerce-loop-product__title\">ECU 610-612<\/h2>\n<\/a><a href=\"https:\/\/asmoto.eu\/de\/product\/ecu-610-612\/\" data-quantity=\"1\" class=\"button product_type_simple\" data-product_id=\"201\" data-product_sku=\"\" aria-label=\"Lesen Sie mehr \u00fcber &quot;ECU 610-612&quot;\" aria-describedby=\"\" rel=\"nofollow\" data-no-translation=\"\" data-trp-gettext=\"\" data-no-translation-aria-label=\"\">Mehr lesen<\/a><\/li>\n<li class=\"product type-product post-199 status-publish instock product_cat-egyeb has-post-thumbnail shipping-taxable product-type-simple\">\n\t<a href=\"https:\/\/asmoto.eu\/de\/product\/ecu-66x\/\" class=\"woocommerce-LoopProduct-link woocommerce-loop-product__link\"><img loading=\"lazy\" decoding=\"async\" width=\"300\" height=\"185\" src=\"https:\/\/asmoto.eu\/wp-content\/uploads\/2024\/04\/ecu1-300x185-1.jpg\" class=\"attachment-woocommerce_thumbnail size-woocommerce_thumbnail\" alt=\"\" \/><h2 class=\"woocommerce-loop-product__title\">ECU 66x<\/h2>\n<\/a><a href=\"https:\/\/asmoto.eu\/de\/product\/ecu-66x\/\" data-quantity=\"1\" class=\"button product_type_simple\" data-product_id=\"199\" data-product_sku=\"\" aria-label=\"Lesen Sie mehr \u00fcber &quot;ECU 66x&quot;\" aria-describedby=\"\" rel=\"nofollow\" data-no-translation=\"\" data-trp-gettext=\"\" data-no-translation-aria-label=\"\">Mehr lesen<\/a><\/li>\n<li class=\"product type-product post-189 status-publish instock product_cat-egyeb has-post-thumbnail shipping-taxable product-type-simple\">\n\t<a href=\"https:\/\/asmoto.eu\/de\/product\/powermodule\/\" class=\"woocommerce-LoopProduct-link woocommerce-loop-product__link\"><img loading=\"lazy\" decoding=\"async\" width=\"300\" height=\"226\" src=\"https:\/\/asmoto.eu\/wp-content\/uploads\/2024\/04\/1nemtom2-300x226-1.png\" class=\"attachment-woocommerce_thumbnail size-woocommerce_thumbnail\" alt=\"\" \/><h2 class=\"woocommerce-loop-product__title\">PowerModule<\/h2>\n<\/a><a href=\"https:\/\/asmoto.eu\/de\/product\/powermodule\/\" data-quantity=\"1\" class=\"button product_type_simple\" data-product_id=\"189\" data-product_sku=\"\" aria-label=\"Lesen Sie mehr \u00fcber &quot;PowerModule&quot;\" aria-describedby=\"\" rel=\"nofollow\" data-no-translation=\"\" data-trp-gettext=\"\" data-no-translation-aria-label=\"\">Mehr lesen<\/a><\/li>\n<\/ul>\n<\/div>\t\t<\/div>\n\t\t\t\t<\/div>\n\t\t\t\t\t<\/div>\n\t\t\t\t<\/div>\n\t\t\t\t<\/div>","protected":false},"excerpt":{"rendered":"<p>Komplett elektronikai megold\u00e1sok a motorsport r\u00e9sz\u00e9re R\u00f3lunk Az\u00a0ASMoto Race Electronics\u00a0azzal a c\u00e9llal alakult, hogy professzion\u00e1lis szolg\u00e1ltat\u00e1st \u00e9s elektronikai term\u00e9keket ny\u00fajtson a versenysport r\u00e9sz\u00e9re. Egyik f\u0151 term\u00e9k\u00fcnk az ASMoto ECU motorvez\u00e9rl\u0151 elektronika, de emellett gy\u00e1rtunk sok m\u00e1s elektronikai kieg\u00e9sz\u00edt\u0151t is, kip\u00f6rg\u00e9sg\u00e1tl\u00f3t, m\u0171szercsoportot, adatr\u00f6gz\u00edt\u0151t, kapcsol\u00f3t\u00e1bl\u00e1kat \u00e9s k\u00e1belk\u00f6tegeket. Tov\u00e1bb Term\u00e9keink Teljes\u00edtm\u00e9ny, min\u0151s\u00e9g, megb\u00edzhat\u00f3s\u00e1g \u2013 ezek az elvek ir\u00e1ny\u00edtj\u00e1k [&hellip;]<\/p>","protected":false},"author":1,"featured_media":0,"parent":0,"menu_order":0,"comment_status":"closed","ping_status":"closed","template":"elementor_header_footer","meta":{"footnotes":""},"class_list":["post-22","page","type-page","status-publish","hentry"],"_links":{"self":[{"href":"https:\/\/asmoto.eu\/de\/wp-json\/wp\/v2\/pages\/22","targetHints":{"allow":["GET"]}}],"collection":[{"href":"https:\/\/asmoto.eu\/de\/wp-json\/wp\/v2\/pages"}],"about":[{"href":"https:\/\/asmoto.eu\/de\/wp-json\/wp\/v2\/types\/page"}],"author":[{"embeddable":true,"href":"https:\/\/asmoto.eu\/de\/wp-json\/wp\/v2\/users\/1"}],"replies":[{"embeddable":true,"href":"https:\/\/asmoto.eu\/de\/wp-json\/wp\/v2\/comments?post=22"}],"version-history":[{"count":46,"href":"https:\/\/asmoto.eu\/de\/wp-json\/wp\/v2\/pages\/22\/revisions"}],"predecessor-version":[{"id":427,"href":"https:\/\/asmoto.eu\/de\/wp-json\/wp\/v2\/pages\/22\/revisions\/427"}],"wp:attachment":[{"href":"https:\/\/asmoto.eu\/de\/wp-json\/wp\/v2\/media?parent=22"}],"curies":[{"name":"wp","href":"https:\/\/api.w.org\/{rel}","templated":true}]}}